{"id":529,"date":"2021-02-01T08:14:06","date_gmt":"2021-02-01T08:14:06","guid":{"rendered":"https:\/\/netenmusic.com\/es\/home-3\/"},"modified":"2024-11-26T09:47:37","modified_gmt":"2024-11-26T12:47:37","slug":"home-3","status":"publish","type":"page","link":"https:\/\/netenmusic.com\/es\/","title":{"rendered":"Home"},"content":{"rendered":"<p>[vc_row padding_top_multiplier=&#8221;custom&#8221; padding_bottom_multiplier=&#8221;&#8221; rc_heading_color=&#8221;white&#8221; rc_bg_type=&#8221;image&#8221; rc_bg_image=&#8221;658&#8243; rc_bg_position=&#8221;center-top&#8221; scroll_header_skin=&#8221;light&#8221; rc_bg_color=&#8221;#000000&#8243; rc_font_color=&#8221;#ffffff&#8221; padding_top=&#8221;25vw&#8221; section_id=&#8221;intro&#8221;][vc_column text_align=&#8221;center&#8221;]<h5 data-animation=\"fade-in\" data-delay=\"0\" data-duration=\"normal\" class=\"grve-element grve-title grve-align-inherit grve-animated-item grve-h5 grve-custom-font-1\" style=\"margin-bottom: 30px;\"><span><span style=\"font-weight: 400;\">COMPA\u00d1\u00cdAS | MARCAS | REDES SOCIALES | ARTISTAS<\/span><\/span><\/h5><h3 class=\"grve-element grve-animated-text grve-animated-item grve-align-inherit grve-h2 grve-style-1\" data-style=\"style-1\" data-delay=\"0\" data-duration=\"normal\"><span class=\"grve-animated-entry\"><span class=\"grve-line\">Conecta con tu audiencia a trav\u00e9s de tu identidad sonora<\/span><\/span><\/h3>[\/vc_column][\/vc_row][vc_row padding_top_multiplier=&#8221;3x&#8221; padding_bottom_multiplier=&#8221;3x&#8221; rc_heading_color=&#8221;white&#8221; rc_bg_type=&#8221;color&#8221; tablet_sm_visibility=&#8221;hide&#8221; mobile_visibility=&#8221;hide&#8221; scroll_header_skin=&#8221;light&#8221; rc_bg_color=&#8221;#000000&#8243; scroll_section_title=&#8221;About&#8221; rc_font_color=&#8221;#ffffff&#8221; section_id=&#8221;about&#8221;][vc_column width=&#8221;1\/12&#8243;][\/vc_column][vc_column width=&#8221;6\/12&#8243;]<h3 data-animation=\"fade-in\" data-delay=\"0\" data-duration=\"normal\" class=\"grve-element grve-title grve-align-inherit grve-animated-item grve-h3\" style=\" color: #9be256;\"><span>NUESTRA MISI\u00d3N<\/span><\/h3>[vc_column_text animation=&#8221;fade-in&#8221;]<span style=\"font-weight: 400;\">Creemos en el poder del sonido para evocar sensaciones y emociones inolvidables, y es a trav\u00e9s de esta alquimia sonora que damos vida a la esencia de cada proyecto.<\/span>[\/vc_column_text]<div class=\"grve-empty-space grve-height-1x\"><\/div>[vc_column_text animation=&#8221;fade-in&#8221;]\u2192 <a href=\"https:\/\/netenmusic.com\/es\/identidad_sonora\/\">\u00bfQu\u00e9 es la identidad sonora y su importancia en el marketing?<\/a>[\/vc_column_text][\/vc_column][vc_column width=&#8221;4\/12&#8243; vertical_content_position=&#8221;middle&#8221; tablet_sm_width=&#8221;7-12&#8243; grve_css=&#8221;{&#8220;desktop&#8220;:{&#8220;z-index&#8220;:3,&#8220;class&#8220;:&#8220;grve-wpb-1728918117231&#8220;}}&#8221;]<div class=\"grve-element grve-image grve-align-center grve-image-content grve-image-space-100 grve-image-expand-width\">\r\n\t<div class=\"grve-image-item\">\r\n\t\t<div class=\"grve-hover-item grve-hover-style-1\">\r\n\t<div class=\"grve-image-hover grve-media\">\r\n\t\t\t\t<div class=\"grve-thumbnail-wrapper\"><div class=\"grve-thumbnail\"  style=\"padding-top: 100%;\"><img fetchpriority=\"high\" decoding=\"async\" width=\"600\" height=\"600\" src=\"https:\/\/netenmusic.com\/es\/wp-content\/uploads\/2023\/12\/neten600.gif\" class=\"attachment-full size-full\" alt=\"\" data-column-space=\"100\" data-lazyload=\"\" data-grve-filter=\"yes\" \/><\/div><\/div>\t\t\t\t<div class=\"grve-bg-black grve-hover-overlay grve-opacity-80\"><\/div>\r\n\t\t\t<\/div>\r\n\t<\/div>\r\n\t<\/div>\r\n<\/div>\r\n[\/vc_column][vc_column width=&#8221;1\/12&#8243;][\/vc_column][\/vc_row][vc_row padding_top_multiplier=&#8221;3x&#8221; padding_bottom_multiplier=&#8221;3x&#8221; rc_heading_color=&#8221;white&#8221; rc_bg_type=&#8221;color&#8221; desktop_visibility=&#8221;hide&#8221; tablet_visibility=&#8221;hide&#8221; scroll_header_skin=&#8221;light&#8221; rc_bg_color=&#8221;#000000&#8243; scroll_section_title=&#8221;About&#8221; rc_font_color=&#8221;#ffffff&#8221; section_id=&#8221;about&#8221;][vc_column width=&#8221;1\/12&#8243;][\/vc_column][vc_column width=&#8221;1\/12&#8243;]<h3 data-animation=\"fade-in\" data-delay=\"0\" data-duration=\"normal\" class=\"grve-element grve-title grve-align-inherit grve-animated-item grve-h3\" style=\" color: #9be256;\"><span>NUESTRA MISI\u00d3N<\/span><\/h3>[vc_column_text animation=&#8221;fade-in&#8221;]<span style=\"font-weight: 400;\">Creemos en el poder del sonido para evocar sensaciones y emociones inolvidables, y es a trav\u00e9s de esta alquimia sonora que damos vida a la esencia de cada proyecto.<\/span>[\/vc_column_text]<div class=\"grve-empty-space grve-height-1x\"><\/div>[vc_column_text animation=&#8221;fade-in&#8221;]\u2192 <a href=\"https:\/\/netenmusic.com\/es\/identidad_sonora\/\">\u00bfQu\u00e9 es la identidad sonora y su importancia en el marketing?<\/a>[\/vc_column_text][\/vc_column][vc_column width=&#8221;4\/12&#8243; vertical_content_position=&#8221;middle&#8221; tablet_sm_width=&#8221;7-12&#8243; grve_css=&#8221;{&#8220;desktop&#8220;:{&#8220;z-index&#8220;:3,&#8220;class&#8220;:&#8220;grve-wpb-1728918117231&#8220;}}&#8221;]<div class=\"grve-element grve-image grve-align-center grve-image-content grve-image-space-100 grve-image-expand-width\">\r\n\t<div class=\"grve-image-item\">\r\n\t\t<div class=\"grve-hover-item grve-hover-style-1\">\r\n\t<div class=\"grve-image-hover grve-media\">\r\n\t\t\t\t<div class=\"grve-thumbnail-wrapper\"><div class=\"grve-thumbnail\"  style=\"padding-top: 100%;\"><img fetchpriority=\"high\" decoding=\"async\" width=\"600\" height=\"600\" src=\"https:\/\/netenmusic.com\/es\/wp-content\/uploads\/2023\/12\/neten600.gif\" class=\"attachment-full size-full\" alt=\"\" data-column-space=\"100\" data-lazyload=\"\" data-grve-filter=\"yes\" \/><\/div><\/div>\t\t\t\t<div class=\"grve-bg-black grve-hover-overlay grve-opacity-80\"><\/div>\r\n\t\t\t<\/div>\r\n\t<\/div>\r\n\t<\/div>\r\n<\/div>\r\n[\/vc_column][vc_column width=&#8221;1\/12&#8243;][\/vc_column][\/vc_row][vc_row padding_top_multiplier=&#8221;2x&#8221; padding_bottom_multiplier=&#8221;2x&#8221; rc_heading_color=&#8221;white&#8221; rc_bg_type=&#8221;color&#8221; tablet_sm_visibility=&#8221;hide&#8221; mobile_visibility=&#8221;hide&#8221; mobile_columns_vertical_gap=&#8221;none&#8221; scroll_header_skin=&#8221;light&#8221; rc_bg_color=&#8221;#000000&#8243; scroll_section_title=&#8221;Magic&#8221; rc_font_color=&#8221;#ffffff&#8221; section_id=&#8221;servicios&#8221;][vc_column tablet_sm_width=&#8221;hide&#8221; mobile_width=&#8221;hide&#8221;]<h3 data-animation=\"fade-in\" data-delay=\"0\" data-duration=\"normal\" class=\"grve-element grve-title grve-align-inherit grve-animated-item grve-h3\" style=\" color: #9be256;\"><span>SERVICIOS<\/span><\/h3>[vc_column_text animation=&#8221;fade-in&#8221;]<span style=\"font-weight: 400;\">Entendemos que cada proyecto es \u00fanico, y por lo tanto, ofrecemos soluciones personalizadas que se adaptan perfectamente a tus necesidades.<\/span>[\/vc_column_text]<div class=\"grve-empty-space grve-height-1x\"><\/div>[vc_row_inner columns_gap=&#8221;40&#8243;][vc_column_inner width=&#8221;1\/3&#8243;]<h3 class=\"grve-element grve-animated-text grve-animated-item grve-align-inherit grve-h4 grve-style-1\" data-style=\"style-1\" data-delay=\"0\" data-duration=\"normal\"><span class=\"grve-animated-entry\"><span class=\"grve-line\">Identidad sonora para marcas<\/span><\/span><\/h3>[vc_column_text animation=&#8221;fade-in&#8221;]<span style=\"font-weight: 400;\">Creamos identidad sonora personalizada que conecta profundamente con tu audiencia y refuerzan los valores de tu marca. Desde canciones \u00fanicas para redes sociales, campa\u00f1as publicitarias o contenido institucional, sonorizaci\u00f3n de logo y paletas sonoras completas, ayudamos a transmitir emociones, destacarte en un mercado saturado y generar reconocimiento de marca.<\/span><\/p>\n<p><span style=\"font-weight: 400;\">Nuestras soluciones musicales est\u00e1n dise\u00f1adas para hacer que tu marca se escuche tanto como se ve.<\/span>[\/vc_column_text][\/vc_column_inner][vc_column_inner width=&#8221;1\/3&#8243;]<h3 class=\"grve-element grve-animated-text grve-animated-item grve-align-inherit grve-h4 grve-style-1\" data-style=\"style-1\" data-delay=\"0\" data-duration=\"normal\"><span class=\"grve-animated-entry\"><span class=\"grve-line\">Instrumentales para artistas<\/span><\/span><\/h3>[vc_column_text animation=&#8221;fade-in&#8221;]<span style=\"font-weight: 400;\">Dise\u00f1amos bases musicales personalizadas para ayudarte a expresar tu identidad art\u00edstica de manera aut\u00e9ntica. Trabajamos mano a mano con vos, capturando la esencia de tu estilo y creando instrumentales que realzan tu creatividad.\u00a0<\/span><\/p>\n<p><span style=\"font-weight: 400;\">Queremos que sientas que cada beat refleja qui\u00e9n sos como artista y te inspire en cada paso del proceso creativo.<\/span>[\/vc_column_text][\/vc_column_inner][vc_column_inner width=&#8221;1\/3&#8243;]<h3 class=\"grve-element grve-animated-text grve-animated-item grve-align-inherit grve-h4 grve-style-1\" data-style=\"style-1\" data-delay=\"0\" data-duration=\"normal\"><span class=\"grve-animated-entry\"><span class=\"grve-line\">Mezcla y masterizaci\u00f3n<\/span><\/span><\/h3>[vc_column_text animation=&#8221;fade-in&#8221;]<span style=\"font-weight: 400;\">Pulimos tus grabaciones vocales para que suenen claras y profesionales. Nuestro objetivo es que tu voz se destaque, manteniendo toda su emoci\u00f3n y naturalidad, mientras aseguramos que cada detalle suene impecable en cualquier plataforma.\u00a0<\/span><\/p>\n<p><span style=\"font-weight: 400;\">Queremos que escuches tu m\u00fasica y sientas que representa todo lo que quer\u00e9s transmitir.<\/span>[\/vc_column_text][\/vc_column_inner][\/vc_row_inner][\/vc_column][\/vc_row][vc_row padding_top_multiplier=&#8221;2x&#8221; padding_bottom_multiplier=&#8221;2x&#8221; rc_heading_color=&#8221;white&#8221; rc_bg_type=&#8221;color&#8221; desktop_visibility=&#8221;hide&#8221; tablet_visibility=&#8221;hide&#8221; mobile_columns_vertical_gap=&#8221;none&#8221; scroll_header_skin=&#8221;light&#8221; rc_bg_color=&#8221;#000000&#8243; scroll_section_title=&#8221;Magic&#8221; rc_font_color=&#8221;#ffffff&#8221; section_id=&#8221;servicios&#8221;][vc_column desktop_hide=&#8221;hide&#8221; tablet_width=&#8221;hide&#8221;]<h3 data-animation=\"fade-in\" data-delay=\"0\" data-duration=\"normal\" class=\"grve-element grve-title grve-align-inherit grve-animated-item grve-h3\" style=\" color: #9be256;\"><span>SERVICIOS<\/span><\/h3>[vc_column_text animation=&#8221;fade-in&#8221;]<span style=\"font-weight: 400;\">Entendemos que cada proyecto es \u00fanico, y por lo tanto, ofrecemos soluciones personalizadas que se adaptan perfectamente a tus necesidades.<\/span>[\/vc_column_text]<div class=\"grve-empty-space grve-height-1x\"><\/div>[vc_row_inner columns_gap=&#8221;40&#8243; desktop_visibility=&#8221;hide&#8221; tablet_visibility=&#8221;hide&#8221;][vc_column_inner width=&#8221;1\/3&#8243;]<h3 class=\"grve-element grve-animated-text grve-animated-item grve-align-inherit grve-h4 grve-style-1\" data-style=\"style-1\" data-delay=\"0\" data-duration=\"normal\"><span class=\"grve-animated-entry\"><span class=\"grve-line\">Identidad sonora para marcas<\/span><\/span><\/h3>[vc_column_text animation=&#8221;fade-in&#8221;]<span style=\"font-weight: 400;\">Creamos identidad sonora personalizada que conecta profundamente con tu audiencia y refuerzan los valores de tu marca. Desde canciones \u00fanicas para redes sociales, campa\u00f1as publicitarias o contenido institucional, sonorizaci\u00f3n de logo y paletas sonoras completas, ayudamos a transmitir emociones, destacarte en un mercado saturado y generar reconocimiento de marca.<\/span><\/p>\n<p><span style=\"font-weight: 400;\">Nuestras soluciones musicales est\u00e1n dise\u00f1adas para hacer que tu marca se escuche tanto como se ve.<\/span>[\/vc_column_text][\/vc_column_inner][vc_column_inner width=&#8221;1\/3&#8243;]<h3 class=\"grve-element grve-animated-text grve-animated-item grve-align-inherit grve-h4 grve-style-1\" data-style=\"style-1\" data-delay=\"0\" data-duration=\"normal\"><span class=\"grve-animated-entry\"><span class=\"grve-line\">Instrumentales para artistas<\/span><\/span><\/h3>[vc_column_text animation=&#8221;fade-in&#8221;]<span style=\"font-weight: 400;\">Dise\u00f1amos bases musicales personalizadas para ayudarte a expresar tu identidad art\u00edstica de manera aut\u00e9ntica. Trabajamos mano a mano con vos, capturando la esencia de tu estilo y creando instrumentales que realzan tu creatividad.\u00a0<\/span><\/p>\n<p><span style=\"font-weight: 400;\">Queremos que sientas que cada beat refleja qui\u00e9n sos como artista y te inspire en cada paso del proceso creativo.<\/span>[\/vc_column_text][\/vc_column_inner][vc_column_inner width=&#8221;1\/3&#8243;]<h3 class=\"grve-element grve-animated-text grve-animated-item grve-align-inherit grve-h4 grve-style-1\" data-style=\"style-1\" data-delay=\"0\" data-duration=\"normal\"><span class=\"grve-animated-entry\"><span class=\"grve-line\">Mezcla y masterizaci\u00f3n<\/span><\/span><\/h3>[vc_column_text animation=&#8221;fade-in&#8221;]<span style=\"font-weight: 400;\">Pulimos tus grabaciones vocales para que suenen claras y profesionales. Nuestro objetivo es que tu voz se destaque, manteniendo toda su emoci\u00f3n y naturalidad, mientras aseguramos que cada detalle suene impecable en cualquier plataforma.\u00a0<\/span><\/p>\n<p><span style=\"font-weight: 400;\">Queremos que escuches tu m\u00fasica y sientas que representa todo lo que quer\u00e9s transmitir.<\/span>[\/vc_column_text][\/vc_column_inner][\/vc_row_inner][\/vc_column][\/vc_row][vc_row padding_top_multiplier=&#8221;3x&#8221; padding_bottom_multiplier=&#8221;3x&#8221; rc_heading_color=&#8221;white&#8221; rc_bg_type=&#8221;color&#8221; scroll_header_skin=&#8221;light&#8221; rc_bg_color=&#8221;#000000&#8243; scroll_section_title=&#8221;Portfolio&#8221; rc_font_color=&#8221;#ffffff&#8221; section_id=&#8221;portfolio&#8221;][vc_column tablet_sm_width=&#8221;1-6&#8243;]<h3 data-animation=\"fade-in\" data-delay=\"0\" data-duration=\"normal\" class=\"grve-element grve-title grve-align-inherit grve-animated-item grve-h3\" style=\" color: #9be256;\"><span>PORTFOLIO<\/span><\/h3><div class=\"grve-empty-space grve-height-2x\"><\/div>[vc_row_inner][vc_column_inner width=&#8221;1\/4&#8243;]<div class=\"grve-element grve-video\"><iframe title=\"GRUPO ERPLA\" width=\"1080\" height=\"608\" src=\"https:\/\/www.youtube.com\/embed\/xSI1BT5jEto?feature=oembed\" frameborder=\"0\" allow=\"accelerometer; autoplay; clipboard-write; encrypted-media; gyroscope; picture-in-picture; web-share\" allowfullscreen><\/iframe><\/div><div class=\"grve-empty-space grve-height-1x\"><\/div>[vc_column_text]Industrias Erpla[\/vc_column_text][\/vc_column_inner][vc_column_inner width=&#8221;1\/4&#8243;]<div class=\"grve-element grve-video\"><iframe title=\"Terraza verde en ingreso a Los Puentes, Nordelta\" width=\"1080\" height=\"608\" src=\"https:\/\/www.youtube.com\/embed\/CVuOfBPqtiw?feature=oembed\" frameborder=\"0\" allow=\"accelerometer; autoplay; clipboard-write; encrypted-media; gyroscope; picture-in-picture; web-share\" referrerpolicy=\"strict-origin-when-cross-origin\" allowfullscreen><\/iframe><\/div><div class=\"grve-empty-space grve-height-1x\"><\/div>[vc_column_text]Greentec[\/vc_column_text][\/vc_column_inner][vc_column_inner width=&#8221;1\/4&#8243;]<div class=\"grve-element grve-video\"><iframe title=\"Pu k-pu K Pu (full EP)\" width=\"1080\" height=\"608\" src=\"https:\/\/www.youtube.com\/embed\/x26fPYLP2Ss?feature=oembed\" frameborder=\"0\" allow=\"accelerometer; autoplay; clipboard-write; encrypted-media; gyroscope; picture-in-picture; web-share\" allowfullscreen><\/iframe><\/div><div class=\"grve-empty-space grve-height-1x\"><\/div>[vc_column_text]Kpuccina &#8211; Artista[\/vc_column_text][\/vc_column_inner][vc_column_inner width=&#8221;1\/4&#8243;]<div class=\"grve-element grve-video\"><iframe title=\"Classy\" width=\"1080\" height=\"608\" src=\"https:\/\/www.youtube.com\/embed\/OyYE9RYYVMg?feature=oembed\" frameborder=\"0\" allow=\"accelerometer; autoplay; clipboard-write; encrypted-media; gyroscope; picture-in-picture; web-share\" allowfullscreen><\/iframe><\/div><div class=\"grve-empty-space grve-height-1x\"><\/div>[vc_column_text]Instrumental &#8211; Librer\u00eda[\/vc_column_text][\/vc_column_inner][\/vc_row_inner]<div class=\"grve-empty-space grve-height-2x\"><\/div>[vc_row_inner][vc_column_inner width=&#8221;1\/4&#8243;]<div class=\"grve-element grve-video\"><iframe title=\"Disco City\" width=\"1080\" height=\"608\" src=\"https:\/\/www.youtube.com\/embed\/n7OP2hBv098?feature=oembed\" frameborder=\"0\" allow=\"accelerometer; autoplay; clipboard-write; encrypted-media; gyroscope; picture-in-picture; web-share\" allowfullscreen><\/iframe><\/div><div class=\"grve-empty-space grve-height-1x\"><\/div>[vc_column_text]Instrumental &#8211; Librer\u00eda[\/vc_column_text][\/vc_column_inner][vc_column_inner width=&#8221;1\/4&#8243;]<div class=\"grve-element grve-video\"><iframe title=\"Space Mission\" width=\"1080\" height=\"608\" src=\"https:\/\/www.youtube.com\/embed\/u_4J7l54hoc?feature=oembed\" frameborder=\"0\" allow=\"accelerometer; autoplay; clipboard-write; encrypted-media; gyroscope; picture-in-picture; web-share\" allowfullscreen><\/iframe><\/div><div class=\"grve-empty-space grve-height-1x\"><\/div>[vc_column_text]Instrumental &#8211; Librer\u00eda[\/vc_column_text][\/vc_column_inner][vc_column_inner width=&#8221;1\/4&#8243;]<div class=\"grve-element grve-video\"><iframe title=\"Wonky Rain\" width=\"1080\" height=\"608\" src=\"https:\/\/www.youtube.com\/embed\/YMnqgD_KUhU?feature=oembed\" frameborder=\"0\" allow=\"accelerometer; autoplay; clipboard-write; encrypted-media; gyroscope; picture-in-picture; web-share\" allowfullscreen><\/iframe><\/div><div class=\"grve-empty-space grve-height-1x\"><\/div>[vc_column_text]Instrumental &#8211; Librer\u00eda[\/vc_column_text][\/vc_column_inner][vc_column_inner width=&#8221;1\/4&#8243;]<div class=\"grve-element grve-video\"><iframe title=\"Into The Castle\" width=\"1080\" height=\"608\" src=\"https:\/\/www.youtube.com\/embed\/TJ4g2LXAg2Q?feature=oembed\" frameborder=\"0\" allow=\"accelerometer; autoplay; clipboard-write; encrypted-media; gyroscope; picture-in-picture; web-share\" allowfullscreen><\/iframe><\/div><div class=\"grve-empty-space grve-height-1x\"><\/div>[vc_column_text]Instrumental &#8211; Librer\u00eda[\/vc_column_text][\/vc_column_inner][\/vc_row_inner][\/vc_column][\/vc_row][vc_row rc_heading_color=&#8221;white&#8221; rc_bg_type=&#8221;image&#8221; rc_bg_image=&#8221;579&#8243; rc_bg_color_overlay=&#8221;black&#8221; rc_bg_opacity_overlay=&#8221;80&#8243; scroll_header_skin=&#8221;light&#8221; rc_font_color=&#8221;#ffffff&#8221; section_id=&#8221;contact&#8221; scroll_section_title=&#8221;Contactate&#8221;][vc_column text_align=&#8221;center&#8221;]<h3 data-animation=\"fade-in\" data-delay=\"0\" data-duration=\"normal\" class=\"grve-element grve-title grve-align-inherit grve-animated-item grve-h3\" style=\" color: #9be256;\"><span>CONTACTANOS<\/span><\/h3>\n<div class=\"wpcf7 no-js\" id=\"wpcf7-f70-o1\" lang=\"en-US\" dir=\"ltr\">\n<div class=\"screen-reader-response\"><p role=\"status\" aria-live=\"polite\" aria-atomic=\"true\"><\/p> <ul><\/ul><\/div>\n<form action=\"\/es\/wp-json\/wp\/v2\/pages\/529#wpcf7-f70-o1\" method=\"post\" class=\"wpcf7-form init\" aria-label=\"Contact form\" novalidate=\"novalidate\" data-status=\"init\">\n<div style=\"display: none;\">\n<input type=\"hidden\" name=\"_wpcf7\" value=\"70\" \/>\n<input type=\"hidden\" name=\"_wpcf7_version\" value=\"5.8.3\" \/>\n<input type=\"hidden\" name=\"_wpcf7_locale\" value=\"en_US\" \/>\n<input type=\"hidden\" name=\"_wpcf7_unit_tag\" value=\"wpcf7-f70-o1\" \/>\n<input type=\"hidden\" name=\"_wpcf7_container_post\" value=\"0\" \/>\n<input type=\"hidden\" name=\"_wpcf7_posted_data_hash\" value=\"\" \/>\n<input type=\"hidden\" name=\"_wpcf7_recaptcha_response\" value=\"\" \/>\n<\/div>\n<div class=\"grve-text-style-form grve-align-center\">\n\t<div class=\"grve-h4\">\n\t\t<p>Mi nombre es <span class=\"wpcf7-form-control-wrap\" data-name=\"your-name\"><input size=\"40\" class=\"wpcf7-form-control wpcf7-text wpcf7-validates-as-required\" autocomplete=\"off\" aria-required=\"true\" aria-invalid=\"false\" value=\"\" type=\"text\" name=\"your-name\" \/><\/span> y trabajo en la siguiente empresa <span class=\"wpcf7-form-control-wrap\" data-name=\"your-company\"><input size=\"40\" class=\"wpcf7-form-control wpcf7-text\" aria-invalid=\"false\" value=\"\" type=\"text\" name=\"your-company\" \/><\/span>. Te dejo mi email <span class=\"wpcf7-form-control-wrap\" data-name=\"your-email\"><input size=\"40\" class=\"wpcf7-form-control wpcf7-email wpcf7-validates-as-required wpcf7-text wpcf7-validates-as-email\" autocomplete=\"off\" aria-required=\"true\" aria-invalid=\"false\" value=\"\" type=\"email\" name=\"your-email\" \/><\/span>y mi celular <span class=\"wpcf7-form-control-wrap\" data-name=\"your-phone\"><input class=\"wpcf7-form-control wpcf7-number wpcf7-validates-as-number\" autocomplete=\"off\" aria-invalid=\"false\" value=\"\" type=\"number\" name=\"your-phone\" \/><\/span>. Me gustar\u00eda musicalizar un proyecto con NETEN.\n\t\t<\/p>\n\t\t<div>\n\t\t\t<p><input class=\"wpcf7-form-control wpcf7-submit has-spinner\" type=\"submit\" value=\"ENVIAR MENSAJE\" \/>\n\t\t\t<\/p>\n\t\t<\/div>\n\t<\/div>\n<\/div><div class=\"wpcf7-response-output\" aria-hidden=\"true\"><\/div>\n<\/form>\n<\/div>\n<div class=\"grve-empty-space grve-height-1x\"><\/div>[vc_custom_heading text=&#8221;Dise\u00f1o por IUH&#8221; font_container=&#8221;tag:h3|font_size:roboto%20mono|text_align:center|color:%23ffffff&#8221; use_theme_fonts=&#8221;yes&#8221; css_animation=&#8221;fadeInUp&#8221; link=&#8221;url:https%3A%2F%2Fiuhco.com%2F|target:_blank&#8221;][vc_column_text css=&#8221;.vc_custom_1704406367846{margin-top: 60px !important;}&#8221;]<\/p>\n<p style=\"text-align: center;\"><span style=\"color: #ffffff;\">Design by <a style=\"color: #ffffff;\" href=\"https:\/\/iuhco.com\/\" target=\"_blank\" rel=\"noopener\">IUH<\/a><\/span><\/p>\n<p>[\/vc_column_text][\/vc_column][\/vc_row]<\/p>\n","protected":false},"excerpt":{"rendered":"<p>Impeka Musician &#8211; Scrolling one page case study combined with some of the latest web trends. Created with Impeka Enhanced Page Builder.<\/p>\n","protected":false},"author":1,"featured_media":0,"parent":0,"menu_order":0,"comment_status":"closed","ping_status":"closed","template":"page-templates\/template-full-page.php","meta":{"content-type":"","footnotes":""},"class_list":["post-529","page","type-page","status-publish","hentry","grve-entry-item"],"_links":{"self":[{"href":"https:\/\/netenmusic.com\/es\/wp-json\/wp\/v2\/pages\/529","targetHints":{"allow":["GET"]}}],"collection":[{"href":"https:\/\/netenmusic.com\/es\/wp-json\/wp\/v2\/pages"}],"about":[{"href":"https:\/\/netenmusic.com\/es\/wp-json\/wp\/v2\/types\/page"}],"author":[{"embeddable":true,"href":"https:\/\/netenmusic.com\/es\/wp-json\/wp\/v2\/users\/1"}],"replies":[{"embeddable":true,"href":"https:\/\/netenmusic.com\/es\/wp-json\/wp\/v2\/comments?post=529"}],"version-history":[{"count":157,"href":"https:\/\/netenmusic.com\/es\/wp-json\/wp\/v2\/pages\/529\/revisions"}],"predecessor-version":[{"id":800,"href":"https:\/\/netenmusic.com\/es\/wp-json\/wp\/v2\/pages\/529\/revisions\/800"}],"wp:attachment":[{"href":"https:\/\/netenmusic.com\/es\/wp-json\/wp\/v2\/media?parent=529"}],"curies":[{"name":"wp","href":"https:\/\/api.w.org\/{rel}","templated":true}]}}